{"id":591,"date":"2025-08-22T06:44:41","date_gmt":"2025-08-22T06:44:41","guid":{"rendered":"https:\/\/musikhazi.org\/?page_id=591"},"modified":"2025-08-22T07:13:56","modified_gmt":"2025-08-22T07:13:56","slug":"musika-ibiltaria-2","status":"publish","type":"page","link":"https:\/\/musikhazi.org\/index.php\/musika-ibiltaria-2\/","title":{"rendered":"Musika Ibiltaria"},"content":{"rendered":"\t\t<div data-elementor-type=\"wp-page\" data-elementor-id=\"591\" class=\"elementor elementor-591\" data-elementor-post-type=\"page\">\n\t\t\t\t\t\t<section class=\"elementor-section elementor-top-section elementor-element elementor-element-71b5f579 elementor-section-content-middle elementor-section-full_width elementor-section-height-default elementor-section-height-default\" data-id=\"71b5f579\" data-element_type=\"section\" data-e-type=\"section\">\n\t\t\t\t\t\t<div class=\"elementor-container elementor-column-gap-no\">\n\t\t\t\t\t<div class=\"elementor-column elementor-col-100 elementor-top-column elementor-element elementor-element-5688019e\" data-id=\"5688019e\" data-element_type=\"column\" data-e-type=\"column\">\n\t\t\t<div class=\"elementor-widget-wrap elementor-element-populated\">\n\t\t\t\t\t\t<div class=\"elementor-element elementor-element-27cda7e2 elementor-widget elementor-widget-image\" data-id=\"27cda7e2\" data-element_type=\"widget\" data-e-type=\"widget\" data-widget_type=\"image.default\">\n\t\t\t\t<div class=\"elementor-widget-container\">\n\t\t\t\t\t\t\t\t\t\t\t\t\t\t\t<img fetchpriority=\"high\" decoding=\"async\" width=\"1000\" height=\"667\" src=\"https:\/\/musikhazi.org\/wp-content\/uploads\/2025\/08\/benefits-of-music.jpg\" class=\"attachment-full size-full wp-image-603\" alt=\"\" srcset=\"https:\/\/musikhazi.org\/wp-content\/uploads\/2025\/08\/benefits-of-music.jpg 1000w, https:\/\/musikhazi.org\/wp-content\/uploads\/2025\/08\/benefits-of-music-300x200.jpg 300w, https:\/\/musikhazi.org\/wp-content\/uploads\/2025\/08\/benefits-of-music-768x512.jpg 768w\" sizes=\"(max-width: 1000px) 100vw, 1000px\" \/>\t\t\t\t\t\t\t\t\t\t\t\t\t\t\t<\/div>\n\t\t\t\t<\/div>\n\t\t\t\t<section class=\"elementor-section elementor-inner-section elementor-element elementor-element-2ace963 elementor-section-boxed elementor-section-height-default elementor-section-height-default\" data-id=\"2ace963\" data-element_type=\"section\" data-e-type=\"section\">\n\t\t\t\t\t\t<div class=\"elementor-container elementor-column-gap-default\">\n\t\t\t\t\t<div class=\"elementor-column elementor-col-50 elementor-inner-column elementor-element elementor-element-65c43cf\" data-id=\"65c43cf\" data-element_type=\"column\" data-e-type=\"column\">\n\t\t\t<div class=\"elementor-widget-wrap elementor-element-populated\">\n\t\t\t\t\t\t<div class=\"elementor-element elementor-element-4a1172d elementor-widget elementor-widget-image\" data-id=\"4a1172d\" data-element_type=\"widget\" data-e-type=\"widget\" data-widget_type=\"image.default\">\n\t\t\t\t<div class=\"elementor-widget-container\">\n\t\t\t\t\t\t\t\t\t\t\t\t\t\t\t<img decoding=\"async\" width=\"800\" height=\"254\" src=\"https:\/\/musikhazi.org\/wp-content\/uploads\/2025\/08\/Captura-de-pantalla-2022-08-25-a-las-21.15.57.jpg\" class=\"attachment-large size-large wp-image-600\" alt=\"\" srcset=\"https:\/\/musikhazi.org\/wp-content\/uploads\/2025\/08\/Captura-de-pantalla-2022-08-25-a-las-21.15.57.jpg 800w, https:\/\/musikhazi.org\/wp-content\/uploads\/2025\/08\/Captura-de-pantalla-2022-08-25-a-las-21.15.57-300x95.jpg 300w, https:\/\/musikhazi.org\/wp-content\/uploads\/2025\/08\/Captura-de-pantalla-2022-08-25-a-las-21.15.57-768x244.jpg 768w\" sizes=\"(max-width: 800px) 100vw, 800px\" \/>\t\t\t\t\t\t\t\t\t\t\t\t\t\t\t<\/div>\n\t\t\t\t<\/div>\n\t\t\t\t\t<\/div>\n\t\t<\/div>\n\t\t\t\t<div class=\"elementor-column elementor-col-50 elementor-inner-column elementor-element elementor-element-8108d3d\" data-id=\"8108d3d\" data-element_type=\"column\" data-e-type=\"column\">\n\t\t\t<div class=\"elementor-widget-wrap\">\n\t\t\t\t\t\t\t<\/div>\n\t\t<\/div>\n\t\t\t\t\t<\/div>\n\t\t<\/section>\n\t\t\t\t<div class=\"elementor-element elementor-element-77bef673 elementor-widget elementor-widget-text-editor\" data-id=\"77bef673\" data-element_type=\"widget\" data-e-type=\"widget\" data-widget_type=\"text-editor.default\">\n\t\t\t\t<div class=\"elementor-widget-container\">\n\t\t\t\t\t\t\t\t\t<p>\u201cLa m\u00fasica no entra. La m\u00fasica ya est\u00e1 adentro. La m\u00fasica simplemente descubre lo que est\u00e1 ah\u00ed, despierta emociones y nos reconecta con la vida.\u201d<\/p>\t\t\t\t\t\t\t\t<\/div>\n\t\t\t\t<\/div>\n\t\t\t\t<div class=\"elementor-element elementor-element-fdc15b3 elementor-widget-divider--view-line elementor-widget elementor-widget-divider\" data-id=\"fdc15b3\" data-element_type=\"widget\" data-e-type=\"widget\" data-widget_type=\"divider.default\">\n\t\t\t\t<div class=\"elementor-widget-container\">\n\t\t\t\t\t\t\t<div class=\"elementor-divider\">\n\t\t\t<span class=\"elementor-divider-separator\">\n\t\t\t\t\t\t<\/span>\n\t\t<\/div>\n\t\t\t\t\t\t<\/div>\n\t\t\t\t<\/div>\n\t\t\t\t<section class=\"elementor-section elementor-inner-section elementor-element elementor-element-605c846b elementor-section-boxed elementor-section-height-default elementor-section-height-default\" data-id=\"605c846b\" data-element_type=\"section\" data-e-type=\"section\">\n\t\t\t\t\t\t<div class=\"elementor-container elementor-column-gap-default\">\n\t\t\t\t\t<div class=\"elementor-column elementor-col-50 elementor-inner-column elementor-element elementor-element-52cd874d\" data-id=\"52cd874d\" data-element_type=\"column\" data-e-type=\"column\">\n\t\t\t<div class=\"elementor-widget-wrap elementor-element-populated\">\n\t\t\t\t\t\t<div class=\"elementor-element elementor-element-257dfbb0 elementor-widget elementor-widget-text-editor\" data-id=\"257dfbb0\" data-element_type=\"widget\" data-e-type=\"widget\" data-widget_type=\"text-editor.default\">\n\t\t\t\t<div class=\"elementor-widget-container\">\n\t\t\t\t\t\t\t\t\t<h3 data-start=\"332\" data-end=\"363\">\u00bfQu\u00e9 es Musika Ibiltaria?<\/h3>\n<p data-start=\"364\" data-end=\"741\"><strong data-start=\"364\" data-end=\"394\"><strong>Llevamos la m\u00fasica a casa.<\/strong><br data-start=\"394\" data-end=\"397\" \/>Musika Ibiltaria es un proyecto solidario de la asociaci\u00f3n <strong data-start=\"456\" data-end=\"469\">Musikhazi<\/strong>, que busca acercar la <strong data-start=\"492\" data-end=\"517\">m\u00fasica y el bienestar<\/strong> a personas que, por sus circunstancias, tienen movilidad reducida o dificultades para desplazarse. Queremos que nadie se quede sin vivir la experiencia de la m\u00fasica en directo y sus efectos positivos en la vida cotidiana.<\/p>\n<p data-start=\"743\" data-end=\"949\">Nuestro equipo lleva la m\u00fasica a <strong data-start=\"776\" data-end=\"883\">residencias, asociaciones, centros educativos, hospitales, hogares particulares y espacios comunitarios<\/strong>, creando momentos \u00fanicos que generan conexi\u00f3n, alegr\u00eda y calma.<\/p>\t\t\t\t\t\t\t\t<\/div>\n\t\t\t\t<\/div>\n\t\t\t\t\t<\/div>\n\t\t<\/div>\n\t\t\t\t<div class=\"elementor-column elementor-col-50 elementor-inner-column elementor-element elementor-element-767bec8a\" data-id=\"767bec8a\" data-element_type=\"column\" data-e-type=\"column\">\n\t\t\t<div class=\"elementor-widget-wrap elementor-element-populated\">\n\t\t\t\t\t\t<div class=\"elementor-element elementor-element-6bc98f0e elementor-widget elementor-widget-text-editor\" data-id=\"6bc98f0e\" data-element_type=\"widget\" data-e-type=\"widget\" data-widget_type=\"text-editor.default\">\n\t\t\t\t<div class=\"elementor-widget-container\">\n\t\t\t\t\t\t\t\t\t<h3 data-start=\"951\" data-end=\"1007\">\u00bfPor qu\u00e9 m\u00fasica a domicilio o en tu lugar de vida?<\/h3><ul data-start=\"1008\" data-end=\"1334\"><li data-start=\"1008\" data-end=\"1083\"><p data-start=\"1010\" data-end=\"1083\">Porque la m\u00fasica transforma cualquier espacio en un lugar de encuentro.<\/p><\/li><li data-start=\"1084\" data-end=\"1159\"><p data-start=\"1086\" data-end=\"1159\">Porque evita desplazamientos y se vive en un entorno seguro y familiar.<\/p><\/li><li data-start=\"1160\" data-end=\"1239\"><p data-start=\"1162\" data-end=\"1239\">Porque permite compartir con la familia o cuidadores una experiencia com\u00fan.<\/p><\/li><li data-start=\"1240\" data-end=\"1334\"><p data-start=\"1242\" data-end=\"1334\">Porque escuchar tu m\u00fasica preferida en directo despierta recuerdos, emociones y vitalidad.<\/p><\/li><\/ul>\t\t\t\t\t\t\t\t<\/div>\n\t\t\t\t<\/div>\n\t\t\t\t\t<\/div>\n\t\t<\/div>\n\t\t\t\t\t<\/div>\n\t\t<\/section>\n\t\t\t\t\t<\/div>\n\t\t<\/div>\n\t\t\t\t\t<\/div>\n\t\t<\/section>\n\t\t\t\t<section class=\"elementor-section elementor-top-section elementor-element elementor-element-685d4f03 elementor-section-content-middle elementor-section-boxed elementor-section-height-default elementor-section-height-default\" data-id=\"685d4f03\" data-element_type=\"section\" data-e-type=\"section\">\n\t\t\t\t\t\t<div class=\"elementor-container elementor-column-gap-no\">\n\t\t\t\t\t<div class=\"elementor-column elementor-col-50 elementor-top-column elementor-element elementor-element-39c81754\" data-id=\"39c81754\" data-element_type=\"column\" data-e-type=\"column\">\n\t\t\t<div class=\"elementor-widget-wrap elementor-element-populated\">\n\t\t\t\t\t\t<div class=\"elementor-element elementor-element-191fdfb2 elementor-widget elementor-widget-image\" data-id=\"191fdfb2\" data-element_type=\"widget\" data-e-type=\"widget\" data-widget_type=\"image.default\">\n\t\t\t\t<div class=\"elementor-widget-container\">\n\t\t\t\t\t\t\t\t\t\t\t\t\t\t\t<img decoding=\"async\" width=\"2560\" height=\"1920\" src=\"https:\/\/musikhazi.org\/wp-content\/uploads\/2025\/08\/IMG_0845-scaled.jpg\" class=\"attachment-full size-full wp-image-604\" alt=\"\" srcset=\"https:\/\/musikhazi.org\/wp-content\/uploads\/2025\/08\/IMG_0845-scaled.jpg 2560w, https:\/\/musikhazi.org\/wp-content\/uploads\/2025\/08\/IMG_0845-300x225.jpg 300w, https:\/\/musikhazi.org\/wp-content\/uploads\/2025\/08\/IMG_0845-1024x768.jpg 1024w, https:\/\/musikhazi.org\/wp-content\/uploads\/2025\/08\/IMG_0845-768x576.jpg 768w, https:\/\/musikhazi.org\/wp-content\/uploads\/2025\/08\/IMG_0845-1536x1152.jpg 1536w, https:\/\/musikhazi.org\/wp-content\/uploads\/2025\/08\/IMG_0845-2048x1536.jpg 2048w\" sizes=\"(max-width: 2560px) 100vw, 2560px\" \/>\t\t\t\t\t\t\t\t\t\t\t\t\t\t\t<\/div>\n\t\t\t\t<\/div>\n\t\t\t\t\t<\/div>\n\t\t<\/div>\n\t\t\t\t<div class=\"elementor-column elementor-col-50 elementor-top-column elementor-element elementor-element-659a413\" data-id=\"659a413\" data-element_type=\"column\" data-e-type=\"column\">\n\t\t\t<div class=\"elementor-widget-wrap elementor-element-populated\">\n\t\t\t\t\t\t<div class=\"elementor-element elementor-element-1d0f3eae elementor-widget elementor-widget-heading\" data-id=\"1d0f3eae\" data-element_type=\"widget\" data-e-type=\"widget\" data-widget_type=\"heading.default\">\n\t\t\t\t<div class=\"elementor-widget-container\">\n\t\t\t\t\t<h4 class=\"elementor-heading-title elementor-size-default\">M\u00fasica y Bienestar<\/h4>\t\t\t\t<\/div>\n\t\t\t\t<\/div>\n\t\t\t\t<div class=\"elementor-element elementor-element-2dbcd7a7 elementor-widget elementor-widget-text-editor\" data-id=\"2dbcd7a7\" data-element_type=\"widget\" data-e-type=\"widget\" data-widget_type=\"text-editor.default\">\n\t\t\t\t<div class=\"elementor-widget-container\">\n\t\t\t\t\t\t\t\t\t<p data-start=\"1361\" data-end=\"1641\">La m\u00fasica en directo tiene un poder inmediato: activa la memoria, fomenta la comunicaci\u00f3n, reduce el estr\u00e9s y promueve la conexi\u00f3n social. No hace falta tener conocimientos musicales para disfrutarla; basta con dejarse llevar por los sonidos y permitir que las emociones fluyan.<\/p><h3 data-start=\"1643\" data-end=\"1662\">\u00a0<\/h3>\t\t\t\t\t\t\t\t<\/div>\n\t\t\t\t<\/div>\n\t\t\t\t\t<\/div>\n\t\t<\/div>\n\t\t\t\t\t<\/div>\n\t\t<\/section>\n\t\t\t\t<section class=\"elementor-section elementor-top-section elementor-element elementor-element-65b85fec elementor-section-content-middle elementor-section-boxed elementor-section-height-default elementor-section-height-default\" data-id=\"65b85fec\" data-element_type=\"section\" data-e-type=\"section\">\n\t\t\t\t\t\t<div class=\"elementor-container elementor-column-gap-no\">\n\t\t\t\t\t<div class=\"elementor-column elementor-col-100 elementor-top-column elementor-element elementor-element-4a78c089\" data-id=\"4a78c089\" data-element_type=\"column\" data-e-type=\"column\">\n\t\t\t<div class=\"elementor-widget-wrap elementor-element-populated\">\n\t\t\t\t\t\t<div class=\"elementor-element elementor-element-69094757 elementor-widget elementor-widget-testimonial\" data-id=\"69094757\" data-element_type=\"widget\" data-e-type=\"widget\" data-widget_type=\"testimonial.default\">\n\t\t\t\t<div class=\"elementor-widget-container\">\n\t\t\t\t\t\t\t<div class=\"elementor-testimonial-wrapper\">\n\t\t\t\t\t\t\t<div class=\"elementor-testimonial-content\">Con Musika Ibiltaria queremos que la m\u00fasica siga llegando a todas partes, incluso cuando las circunstancias limitan la movilidad. Porque la m\u00fasica viaja, emociona y siempre encuentra el camino.<\/div>\n\t\t\t\n\t\t\t\t\t<\/div>\n\t\t\t\t\t\t<\/div>\n\t\t\t\t<\/div>\n\t\t\t\t\t<\/div>\n\t\t<\/div>\n\t\t\t\t\t<\/div>\n\t\t<\/section>\n\t\t\t\t<section class=\"elementor-section elementor-top-section elementor-element elementor-element-3743728 elementor-section-boxed elementor-section-height-default elementor-section-height-default\" data-id=\"3743728\" data-element_type=\"section\" data-e-type=\"section\" data-settings=\"{&quot;background_background&quot;:&quot;gradient&quot;,&quot;shape_divider_top&quot;:&quot;waves&quot;}\">\n\t\t\t\t\t\t\t<div class=\"elementor-background-overlay\"><\/div>\n\t\t\t\t\t\t<div class=\"elementor-shape elementor-shape-top\" aria-hidden=\"true\" data-negative=\"false\">\n\t\t\t<svg xmlns=\"http:\/\/www.w3.org\/2000\/svg\" viewBox=\"0 0 1000 100\" preserveAspectRatio=\"none\">\n\t<path class=\"elementor-shape-fill\" d=\"M421.9,6.5c22.6-2.5,51.5,0.4,75.5,5.3c23.6,4.9,70.9,23.5,100.5,35.7c75.8,32.2,133.7,44.5,192.6,49.7\n\tc23.6,2.1,48.7,3.5,103.4-2.5c54.7-6,106.2-25.6,106.2-25.6V0H0v30.3c0,0,72,32.6,158.4,30.5c39.2-0.7,92.8-6.7,134-22.4\n\tc21.2-8.1,52.2-18.2,79.7-24.2C399.3,7.9,411.6,7.5,421.9,6.5z\"\/>\n<\/svg>\t\t<\/div>\n\t\t\t\t\t<div class=\"elementor-container elementor-column-gap-default\">\n\t\t\t\t\t<div class=\"elementor-column elementor-col-50 elementor-top-column elementor-element elementor-element-61ff5188\" data-id=\"61ff5188\" data-element_type=\"column\" data-e-type=\"column\">\n\t\t\t<div class=\"elementor-widget-wrap elementor-element-populated\">\n\t\t\t\t\t\t<div class=\"elementor-element elementor-element-607ed8b elementor-widget elementor-widget-spacer\" data-id=\"607ed8b\" data-element_type=\"widget\" data-e-type=\"widget\" data-widget_type=\"spacer.default\">\n\t\t\t\t<div class=\"elementor-widget-container\">\n\t\t\t\t\t\t\t<div class=\"elementor-spacer\">\n\t\t\t<div class=\"elementor-spacer-inner\"><\/div>\n\t\t<\/div>\n\t\t\t\t\t\t<\/div>\n\t\t\t\t<\/div>\n\t\t\t\t<div class=\"elementor-element elementor-element-3a545eb7 elementor-widget elementor-widget-heading\" data-id=\"3a545eb7\" data-element_type=\"widget\" data-e-type=\"widget\" data-widget_type=\"heading.default\">\n\t\t\t\t<div class=\"elementor-widget-container\">\n\t\t\t\t\t<h4 class=\"elementor-heading-title elementor-size-default\">\u00bfQuieres que la m\u00fasica llegue a tu casa?<\/h4>\t\t\t\t<\/div>\n\t\t\t\t<\/div>\n\t\t\t\t<div class=\"elementor-element elementor-element-547591e2 elementor-widget elementor-widget-heading\" data-id=\"547591e2\" data-element_type=\"widget\" data-e-type=\"widget\" data-widget_type=\"heading.default\">\n\t\t\t\t<div class=\"elementor-widget-container\">\n\t\t\t\t\t<h2 class=\"elementor-heading-title elementor-size-default\">Si quieres m\u00e1s informaci\u00f3n sobre Musika Ibiltaria o deseas que llevemos la m\u00fasica a tu hogar, residencia, centro educativo o asociaci\u00f3n, estaremos encantados de escucharte.<\/h2>\t\t\t\t<\/div>\n\t\t\t\t<\/div>\n\t\t\t\t<div class=\"elementor-element elementor-element-337273d4 elementor-mobile-align-center elementor-widget elementor-widget-button\" data-id=\"337273d4\" data-element_type=\"widget\" data-e-type=\"widget\" data-widget_type=\"button.default\">\n\t\t\t\t<div class=\"elementor-widget-container\">\n\t\t\t\t\t\t\t\t\t<div class=\"elementor-button-wrapper\">\n\t\t\t\t\t<a class=\"elementor-button elementor-button-link elementor-size-md\" href=\"https:\/\/musikhazi.org\/index.php\/contact\/\">\n\t\t\t\t\t\t<span class=\"elementor-button-content-wrapper\">\n\t\t\t\t\t\t<span class=\"elementor-button-icon\">\n\t\t\t\t<i aria-hidden=\"true\" class=\"fas fa-arrow-right\"><\/i>\t\t\t<\/span>\n\t\t\t\t\t\t\t\t\t<span class=\"elementor-button-text\">Contactanos<\/span>\n\t\t\t\t\t<\/span>\n\t\t\t\t\t<\/a>\n\t\t\t\t<\/div>\n\t\t\t\t\t\t\t\t<\/div>\n\t\t\t\t<\/div>\n\t\t\t\t\t<\/div>\n\t\t<\/div>\n\t\t\t\t<div class=\"elementor-column elementor-col-50 elementor-top-column elementor-element elementor-element-4d418775\" data-id=\"4d418775\" data-element_type=\"column\" data-e-type=\"column\">\n\t\t\t<div class=\"elementor-widget-wrap elementor-element-populated\">\n\t\t\t\t\t\t<div class=\"elementor-element elementor-element-3cf57c2f elementor-widget elementor-widget-image\" data-id=\"3cf57c2f\" data-element_type=\"widget\" data-e-type=\"widget\" data-settings=\"{&quot;motion_fx_motion_fx_scrolling&quot;:&quot;yes&quot;,&quot;motion_fx_translateY_effect&quot;:&quot;yes&quot;,&quot;motion_fx_translateY_direction&quot;:&quot;negative&quot;,&quot;motion_fx_translateY_speed&quot;:{&quot;unit&quot;:&quot;px&quot;,&quot;size&quot;:&quot;1&quot;,&quot;sizes&quot;:[]},&quot;motion_fx_devices&quot;:[&quot;desktop&quot;,&quot;tablet&quot;],&quot;motion_fx_translateY_affectedRange&quot;:{&quot;unit&quot;:&quot;%&quot;,&quot;size&quot;:&quot;&quot;,&quot;sizes&quot;:{&quot;start&quot;:&quot;0&quot;,&quot;end&quot;:&quot;50&quot;}}}\" data-widget_type=\"image.default\">\n\t\t\t\t<div class=\"elementor-widget-container\">\n\t\t\t\t\t\t\t\t\t\t\t\t\t\t\t<img loading=\"lazy\" decoding=\"async\" width=\"540\" height=\"360\" src=\"https:\/\/musikhazi.org\/wp-content\/uploads\/2025\/08\/360_F_475185306_wi71jJQ69tBQsZgfNMs2afDt0IM3Zpca.jpg\" class=\"attachment-full size-full wp-image-601\" alt=\"\" srcset=\"https:\/\/musikhazi.org\/wp-content\/uploads\/2025\/08\/360_F_475185306_wi71jJQ69tBQsZgfNMs2afDt0IM3Zpca.jpg 540w, https:\/\/musikhazi.org\/wp-content\/uploads\/2025\/08\/360_F_475185306_wi71jJQ69tBQsZgfNMs2afDt0IM3Zpca-300x200.jpg 300w\" sizes=\"(max-width: 540px) 100vw, 540px\" \/>\t\t\t\t\t\t\t\t\t\t\t\t\t\t\t<\/div>\n\t\t\t\t<\/div>\n\t\t\t\t\t<\/div>\n\t\t<\/div>\n\t\t\t\t\t<\/div>\n\t\t<\/section>\n\t\t\t\t<\/div>\n\t\t","protected":false},"excerpt":{"rendered":"<p>\u201cLa m\u00fasica no entra. La m\u00fasica ya est\u00e1 adentro. La m\u00fasica simplemente descubre lo que est\u00e1 ah\u00ed, despierta emociones y nos reconecta con la vida.\u201d \u00bfQu\u00e9 es Musika Ibiltaria? Llevamos la m\u00fasica a casa.Musika Ibiltaria es un proyecto solidario de la asociaci\u00f3n Musikhazi, que busca acercar la m\u00fasica y el bienestar a personas que, por [&hellip;]<\/p>\n","protected":false},"author":1,"featured_media":0,"parent":0,"menu_order":0,"comment_status":"closed","ping_status":"closed","template":"","meta":{"footnotes":""},"class_list":["post-591","page","type-page","status-publish","hentry"],"_links":{"self":[{"href":"https:\/\/musikhazi.org\/index.php\/wp-json\/wp\/v2\/pages\/591","targetHints":{"allow":["GET"]}}],"collection":[{"href":"https:\/\/musikhazi.org\/index.php\/wp-json\/wp\/v2\/pages"}],"about":[{"href":"https:\/\/musikhazi.org\/index.php\/wp-json\/wp\/v2\/types\/page"}],"author":[{"embeddable":true,"href":"https:\/\/musikhazi.org\/index.php\/wp-json\/wp\/v2\/users\/1"}],"replies":[{"embeddable":true,"href":"https:\/\/musikhazi.org\/index.php\/wp-json\/wp\/v2\/comments?post=591"}],"version-history":[{"count":13,"href":"https:\/\/musikhazi.org\/index.php\/wp-json\/wp\/v2\/pages\/591\/revisions"}],"predecessor-version":[{"id":633,"href":"https:\/\/musikhazi.org\/index.php\/wp-json\/wp\/v2\/pages\/591\/revisions\/633"}],"wp:attachment":[{"href":"https:\/\/musikhazi.org\/index.php\/wp-json\/wp\/v2\/media?parent=591"}],"curies":[{"name":"wp","href":"https:\/\/api.w.org\/{rel}","templated":true}]}}